{"id":3833,"date":"2025-08-13T23:15:19","date_gmt":"2025-08-14T03:15:19","guid":{"rendered":"https:\/\/nurturingdurhamnc.org\/?page_id=3833"},"modified":"2025-08-14T19:08:15","modified_gmt":"2025-08-14T23:08:15","slug":"using-nurturing-durham-a-how-to-guide","status":"publish","type":"page","link":"https:\/\/nurturingdurhamnc.org\/es\/about-og\/using-nurturing-durham-a-how-to-guide\/","title":{"rendered":"C\u00d3MO: Gu\u00eda del usuario para navegar por este sitio"},"content":{"rendered":"<div data-elementor-type=\"wp-page\" data-elementor-id=\"3833\" class=\"elementor elementor-3833\" data-elementor-post-type=\"page\">\n\t\t\t\t\t\t<section class=\"elementor-section elementor-top-section elementor-element elementor-element-59bc333 elementor-section-full_width elementor-section-height-default elementor-section-height-default\" data-id=\"59bc333\" data-element_type=\"section\" data-settings=\"{&quot;background_background&quot;:&quot;classic&quot;}\">\n\t\t\t\t\t\t<div class=\"elementor-container elementor-column-gap-default\">\n\t\t\t\t\t<div class=\"elementor-column elementor-col-100 elementor-top-column elementor-element elementor-element-2730ffa4\" data-id=\"2730ffa4\" data-element_type=\"column\" data-settings=\"{&quot;background_background&quot;:&quot;classic&quot;}\">\n\t\t\t<div class=\"elementor-widget-wrap elementor-element-populated\">\n\t\t\t\t\t\t<div class=\"elementor-element elementor-element-94d27d5 elementor-widget elementor-widget-heading\" data-id=\"94d27d5\" data-element_type=\"widget\" data-widget_type=\"heading.default\">\n\t\t\t\t<div class=\"elementor-widget-container\">\n\t\t\t\t\t<h2 class=\"elementor-heading-title elementor-size-default\">C\u00d3MO: Gu\u00eda del usuario para navegar por este sitio<\/h2>\t\t\t\t<\/div>\n\t\t\t\t<\/div>\n\t\t\t\t\t<\/div>\n\t\t<\/div>\n\t\t\t\t\t<\/div>\n\t\t<\/section>\n\t\t\t\t<section class=\"elementor-section elementor-top-section elementor-element elementor-element-97544c5 elementor-section-boxed elementor-section-height-default elementor-section-height-default\" data-id=\"97544c5\" data-element_type=\"section\">\n\t\t\t\t\t\t<div class=\"elementor-container elementor-column-gap-default\">\n\t\t\t\t\t<div class=\"elementor-column elementor-col-100 elementor-top-column elementor-element elementor-element-88b6d29\" data-id=\"88b6d29\" data-element_type=\"column\">\n\t\t\t<div class=\"elementor-widget-wrap elementor-element-populated\">\n\t\t\t\t\t\t<div class=\"elementor-element elementor-element-170cfdb elementor-widget elementor-widget-spacer\" data-id=\"170cfdb\" data-element_type=\"widget\" data-widget_type=\"spacer.default\">\n\t\t\t\t<div class=\"elementor-widget-container\">\n\t\t\t\t\t\t\t<div class=\"elementor-spacer\">\n\t\t\t<div class=\"elementor-spacer-inner\"><\/div>\n\t\t<\/div>\n\t\t\t\t\t\t<\/div>\n\t\t\t\t<\/div>\n\t\t\t\t<div class=\"elementor-element elementor-element-dcf0d7f elementor-widget elementor-widget-text-editor\" data-id=\"dcf0d7f\" data-element_type=\"widget\" data-widget_type=\"text-editor.default\">\n\t\t\t\t<div class=\"elementor-widget-container\">\n\t\t\t\t\t\t\t\t\t<p>Para aprovechar al m\u00e1ximo este sitio web de Nurturing Durham, consulte nuestra Gu\u00eda del usuario (<em>Recursos para el bienestar infantil en Durham&nbsp;<\/em>en v\u00eddeo o formato .pdf a continuaci\u00f3n.<\/p>\t\t\t\t\t\t\t\t<\/div>\n\t\t\t\t<\/div>\n\t\t\t\t\t<\/div>\n\t\t<\/div>\n\t\t\t\t\t<\/div>\n\t\t<\/section>\n\t\t\t\t<section class=\"elementor-section elementor-top-section elementor-element elementor-element-6fa99bd0 elementor-section-boxed elementor-section-height-default elementor-section-height-default\" data-id=\"6fa99bd0\" data-element_type=\"section\">\n\t\t\t\t\t\t<div class=\"elementor-container elementor-column-gap-default\">\n\t\t\t\t\t<div class=\"elementor-column elementor-col-50 elementor-top-column elementor-element elementor-element-136c91d6\" data-id=\"136c91d6\" data-element_type=\"column\">\n\t\t\t<div class=\"elementor-widget-wrap elementor-element-populated\">\n\t\t\t\t\t\t<div class=\"elementor-element elementor-element-3b9b2a2 elementor-widget elementor-widget-heading\" data-id=\"3b9b2a2\" data-element_type=\"widget\" data-widget_type=\"heading.default\">\n\t\t\t\t<div class=\"elementor-widget-container\">\n\t\t\t\t\t<h2 class=\"elementor-heading-title elementor-size-default\">Ver en ingl\u00e9s<\/h2>\t\t\t\t<\/div>\n\t\t\t\t<\/div>\n\t\t\t\t<div class=\"elementor-element elementor-element-21d204f elementor-widget elementor-widget-video\" data-id=\"21d204f\" data-element_type=\"widget\" data-settings=\"{&quot;video_type&quot;:&quot;vimeo&quot;}\" data-widget_type=\"video.default\">\n\t\t\t\t<div class=\"elementor-widget-container\">\n\t\t\t\t\t\t\t<div class=\"elementor-wrapper elementor-open-inline\">\n\t\t\t<iframe class=\"elementor-video-iframe\" allowfullscreen allow=\"clipboard-write\" title=\"Reproductor de v\u00eddeo de Vimeo\" src=\"https:\/\/player.vimeo.com\/video\/1109864621?color&amp;autopause=0&amp;loop=0&amp;muted=0&amp;title=1&amp;portrait=1&amp;byline=1#t=\"><\/iframe>\t\t<\/div>\n\t\t\t\t\t\t<\/div>\n\t\t\t\t<\/div>\n\t\t\t\t\t<\/div>\n\t\t<\/div>\n\t\t\t\t<div class=\"elementor-column elementor-col-50 elementor-top-column elementor-element elementor-element-3bc0005\" data-id=\"3bc0005\" data-element_type=\"column\" data-settings=\"{&quot;background_background&quot;:&quot;classic&quot;}\">\n\t\t\t<div class=\"elementor-widget-wrap elementor-element-populated\">\n\t\t\t\t\t\t<div class=\"elementor-element elementor-element-b1c04d8 elementor-widget elementor-widget-heading\" data-id=\"b1c04d8\" data-element_type=\"widget\" data-widget_type=\"heading.default\">\n\t\t\t\t<div class=\"elementor-widget-container\">\n\t\t\t\t\t<h2 class=\"elementor-heading-title elementor-size-default\">Ver en espa\u00f1ol<\/h2>\t\t\t\t<\/div>\n\t\t\t\t<\/div>\n\t\t\t\t<div class=\"elementor-element elementor-element-ebf9a0a elementor-widget elementor-widget-video\" data-id=\"ebf9a0a\" data-element_type=\"widget\" data-settings=\"{&quot;video_type&quot;:&quot;vimeo&quot;}\" data-widget_type=\"video.default\">\n\t\t\t\t<div class=\"elementor-widget-container\">\n\t\t\t\t\t\t\t<div class=\"elementor-wrapper elementor-open-inline\">\n\t\t\t<iframe class=\"elementor-video-iframe\" allowfullscreen allow=\"clipboard-write\" title=\"Reproductor de v\u00eddeo de Vimeo\" src=\"https:\/\/player.vimeo.com\/video\/1109865048?color&amp;autopause=0&amp;loop=0&amp;muted=0&amp;title=1&amp;portrait=1&amp;byline=1#t=\"><\/iframe>\t\t<\/div>\n\t\t\t\t\t\t<\/div>\n\t\t\t\t<\/div>\n\t\t\t\t\t<\/div>\n\t\t<\/div>\n\t\t\t\t\t<\/div>\n\t\t<\/section>\n\t\t\t\t<section class=\"elementor-section elementor-top-section elementor-element elementor-element-28d9cf6 elementor-section-boxed elementor-section-height-default elementor-section-height-default\" data-id=\"28d9cf6\" data-element_type=\"section\">\n\t\t\t\t\t\t<div class=\"elementor-container elementor-column-gap-default\">\n\t\t\t\t\t<div class=\"elementor-column elementor-col-25 elementor-top-column elementor-element elementor-element-d9c8cf7\" data-id=\"d9c8cf7\" data-element_type=\"column\">\n\t\t\t<div class=\"elementor-widget-wrap elementor-element-populated\">\n\t\t\t\t\t\t<div class=\"elementor-element elementor-element-f854b6d elementor-widget elementor-widget-heading\" data-id=\"f854b6d\" data-element_type=\"widget\" data-widget_type=\"heading.default\">\n\t\t\t\t<div class=\"elementor-widget-container\">\n\t\t\t\t\t<h2 class=\"elementor-heading-title elementor-size-default\"><a href=\"https:\/\/nurturingdurhamnc.org\/wp-content\/uploads\/2025\/08\/Nurturing-Durham-User-Guide.pdf\">Haga clic para ver la Gu\u00eda del usuario como un documento de 2 p\u00e1ginas en INGL\u00c9S:<\/a><\/h2>\t\t\t\t<\/div>\n\t\t\t\t<\/div>\n\t\t\t\t\t<\/div>\n\t\t<\/div>\n\t\t\t\t<div class=\"elementor-column elementor-col-25 elementor-top-column elementor-element elementor-element-4bfad5c\" data-id=\"4bfad5c\" data-element_type=\"column\">\n\t\t\t<div class=\"elementor-widget-wrap elementor-element-populated\">\n\t\t\t\t\t\t<div class=\"elementor-element elementor-element-95beacf elementor-widget__width-initial elementor-view-default elementor-widget elementor-widget-icon\" data-id=\"95beacf\" data-element_type=\"widget\" data-widget_type=\"icon.default\">\n\t\t\t\t<div class=\"elementor-widget-container\">\n\t\t\t\t\t\t\t<div class=\"elementor-icon-wrapper\">\n\t\t\t<a class=\"elementor-icon\" href=\"https:\/\/nurturingdurhamnc.org\/wp-content\/uploads\/2025\/08\/Nurturing-Durham-User-Guide.pdf\">\n\t\t\t<i aria-hidden=\"true\" class=\"far fa-file-pdf\"><\/i>\t\t\t<\/a>\n\t\t<\/div>\n\t\t\t\t\t\t<\/div>\n\t\t\t\t<\/div>\n\t\t\t\t\t<\/div>\n\t\t<\/div>\n\t\t\t\t<div class=\"elementor-column elementor-col-25 elementor-top-column elementor-element elementor-element-326cfda\" data-id=\"326cfda\" data-element_type=\"column\">\n\t\t\t<div class=\"elementor-widget-wrap elementor-element-populated\">\n\t\t\t\t\t\t<div class=\"elementor-element elementor-element-15d2361 elementor-widget elementor-widget-heading\" data-id=\"15d2361\" data-element_type=\"widget\" data-widget_type=\"heading.default\">\n\t\t\t\t<div class=\"elementor-widget-container\">\n\t\t\t\t\t<h2 class=\"elementor-heading-title elementor-size-default\"><a href=\"https:\/\/nurturingdurhamnc.org\/wp-content\/uploads\/2025\/08\/Nurturing-Durham-User-Guide-Spanish.pdf\">Haga clic para ver la Gu\u00eda del usuario como un documento de 2 p\u00e1ginas en ESPA\u00d1OL:<\/a><\/h2>\t\t\t\t<\/div>\n\t\t\t\t<\/div>\n\t\t\t\t\t<\/div>\n\t\t<\/div>\n\t\t\t\t<div class=\"elementor-column elementor-col-25 elementor-top-column elementor-element elementor-element-47ffbb0\" data-id=\"47ffbb0\" data-element_type=\"column\">\n\t\t\t<div class=\"elementor-widget-wrap elementor-element-populated\">\n\t\t\t\t\t\t<div class=\"elementor-element elementor-element-700f412 elementor-widget__width-initial elementor-view-default elementor-widget elementor-widget-icon\" data-id=\"700f412\" data-element_type=\"widget\" data-widget_type=\"icon.default\">\n\t\t\t\t<div class=\"elementor-widget-container\">\n\t\t\t\t\t\t\t<div class=\"elementor-icon-wrapper\">\n\t\t\t<a class=\"elementor-icon\" href=\"https:\/\/nurturingdurhamnc.org\/wp-content\/uploads\/2025\/08\/Nurturing-Durham-User-Guide-Spanish.pdf\" target=\"_blank\">\n\t\t\t<i aria-hidden=\"true\" class=\"far fa-file-pdf\"><\/i>\t\t\t<\/a>\n\t\t<\/div>\n\t\t\t\t\t\t<\/div>\n\t\t\t\t<\/div>\n\t\t\t\t\t<\/div>\n\t\t<\/div>\n\t\t\t\t\t<\/div>\n\t\t<\/section>\n\t\t\t\t<\/div>","protected":false},"excerpt":{"rendered":"<p>INSTRUCCIONES: Gu\u00eda del usuario para navegar por este sitio. Para aprovechar al m\u00e1ximo este sitio web de Nurturing Durham, consulte nuestra Gu\u00eda del usuario (Recursos para el bienestar infantil en Durham) en video o formato PDF a continuaci\u00f3n. Ver en ingl\u00e9s Ver en espa\u00f1ol Haga clic para ver la Gu\u00eda del usuario como un documento de 2 p\u00e1ginas en ingl\u00e9s: Haga clic para ver [\u2026]<\/p>","protected":false},"author":4,"featured_media":0,"parent":47,"menu_order":0,"comment_status":"closed","ping_status":"closed","template":"","meta":{"_acf_changed":false,"site-sidebar-layout":"no-sidebar","site-content-layout":"page-builder","ast-site-content-layout":"full-width-container","site-content-style":"default","site-sidebar-style":"default","ast-global-header-display":"","ast-banner-title-visibility":"","ast-main-header-display":"","ast-hfb-above-header-display":"","ast-hfb-below-header-display":"","ast-hfb-mobile-header-display":"","site-post-title":"disabled","ast-breadcrumbs-content":"","ast-featured-img":"disabled","footer-sml-layout":"","theme-transparent-header-meta":"","adv-header-id-meta":"","stick-header-meta":"","header-above-stick-meta":"","header-main-stick-meta":"","header-below-stick-meta":"","astra-migrate-meta-layouts":"set","ast-page-background-enabled":"default","ast-page-background-meta":{"desktop":{"background-color":"var(--ast-global-color-4)","background-image":"","background-repeat":"repeat","background-position":"center center","background-size":"auto","background-attachment":"scroll","background-type":"","background-media":"","overlay-type":"","overlay-color":"","overlay-opacity":"","overlay-gradient":""},"tablet":{"background-color":"","background-image":"","background-repeat":"repeat","background-position":"center center","background-size":"auto","background-attachment":"scroll","background-type":"","background-media":"","overlay-type":"","overlay-color":"","overlay-opacity":"","overlay-gradient":""},"mobile":{"background-color":"","background-image":"","background-repeat":"repeat","background-position":"center center","background-size":"auto","background-attachment":"scroll","background-type":"","background-media":"","overlay-type":"","overlay-color":"","overlay-opacity":"","overlay-gradient":""}},"ast-content-background-meta":{"desktop":{"background-color":"var(--ast-global-color-5)","background-image":"","background-repeat":"repeat","background-position":"center center","background-size":"auto","background-attachment":"scroll","background-type":"","background-media":"","overlay-type":"","overlay-color":"","overlay-opacity":"","overlay-gradient":""},"tablet":{"background-color":"var(--ast-global-color-5)","background-image":"","background-repeat":"repeat","background-position":"center center","background-size":"auto","background-attachment":"scroll","background-type":"","background-media":"","overlay-type":"","overlay-color":"","overlay-opacity":"","overlay-gradient":""},"mobile":{"background-color":"var(--ast-global-color-5)","background-image":"","background-repeat":"repeat","background-position":"center center","background-size":"auto","background-attachment":"scroll","background-type":"","background-media":"","overlay-type":"","overlay-color":"","overlay-opacity":"","overlay-gradient":""}},"footnotes":""},"type_of_content":[],"class_list":["post-3833","page","type-page","status-publish","hentry"],"acf":[],"yoast_head":"<!-- This site is optimized with the Yoast SEO plugin v26.4 - https:\/\/yoast.com\/wordpress\/plugins\/seo\/ -->\n<title>HOW-TO: A User Guide to Navigating this Site - Nurturing Durham<\/title>\n<meta name=\"description\" content=\"Why are we talking about mental health in children this young?\" \/>\n<meta name=\"robots\" content=\"index, follow, max-snippet:-1, max-image-preview:large, max-video-preview:-1\" \/>\n<link rel=\"canonical\" href=\"https:\/\/nurturingdurhamnc.org\/es\/about-og\/using-nurturing-durham-a-how-to-guide\/\" \/>\n<meta property=\"og:locale\" content=\"es_MX\" \/>\n<meta property=\"og:type\" content=\"article\" \/>\n<meta property=\"og:title\" content=\"HOW-TO: A User Guide to Navigating this Site - Nurturing Durham\" \/>\n<meta property=\"og:description\" content=\"Why are we talking about mental health in children this young?\" \/>\n<meta property=\"og:url\" content=\"https:\/\/nurturingdurhamnc.org\/es\/about-og\/using-nurturing-durham-a-how-to-guide\/\" \/>\n<meta property=\"og:site_name\" content=\"Nurturing Durham\" \/>\n<meta property=\"article:modified_time\" content=\"2025-08-14T23:08:15+00:00\" \/>\n<meta name=\"twitter:card\" content=\"summary_large_image\" \/>\n<meta name=\"twitter:label1\" content=\"Tiempo de lectura\" \/>\n\t<meta name=\"twitter:data1\" content=\"1 minuto\" \/>\n<script type=\"application\/ld+json\" class=\"yoast-schema-graph\">{\"@context\":\"https:\/\/schema.org\",\"@graph\":[{\"@type\":\"WebPage\",\"@id\":\"https:\/\/nurturingdurhamnc.org\/about-og\/using-nurturing-durham-a-how-to-guide\/\",\"url\":\"https:\/\/nurturingdurhamnc.org\/about-og\/using-nurturing-durham-a-how-to-guide\/\",\"name\":\"HOW-TO: A User Guide to Navigating this Site - Nurturing Durham\",\"isPartOf\":{\"@id\":\"https:\/\/nurturingdurhamnc.org\/#website\"},\"datePublished\":\"2025-08-14T03:15:19+00:00\",\"dateModified\":\"2025-08-14T23:08:15+00:00\",\"description\":\"Why are we talking about mental health in children this young?\",\"breadcrumb\":{\"@id\":\"https:\/\/nurturingdurhamnc.org\/about-og\/using-nurturing-durham-a-how-to-guide\/#breadcrumb\"},\"inLanguage\":\"es\",\"potentialAction\":[{\"@type\":\"ReadAction\",\"target\":[\"https:\/\/nurturingdurhamnc.org\/about-og\/using-nurturing-durham-a-how-to-guide\/\"]}]},{\"@type\":\"BreadcrumbList\",\"@id\":\"https:\/\/nurturingdurhamnc.org\/about-og\/using-nurturing-durham-a-how-to-guide\/#breadcrumb\",\"itemListElement\":[{\"@type\":\"ListItem\",\"position\":1,\"name\":\"Home\",\"item\":\"https:\/\/nurturingdurhamnc.org\/\"},{\"@type\":\"ListItem\",\"position\":2,\"name\":\"About (OG)\",\"item\":\"https:\/\/nurturingdurhamnc.org\/?page_id=47\"},{\"@type\":\"ListItem\",\"position\":3,\"name\":\"HOW-TO: A User Guide to Navigating this Site\"}]},{\"@type\":\"WebSite\",\"@id\":\"https:\/\/nurturingdurhamnc.org\/#website\",\"url\":\"https:\/\/nurturingdurhamnc.org\/\",\"name\":\"Nurturing Durham\",\"description\":\"A Resource Guide for Durham&#039;s Young Children, Parents &amp; Families\",\"publisher\":{\"@id\":\"https:\/\/nurturingdurhamnc.org\/#organization\"},\"potentialAction\":[{\"@type\":\"SearchAction\",\"target\":{\"@type\":\"EntryPoint\",\"urlTemplate\":\"https:\/\/nurturingdurhamnc.org\/?s={search_term_string}\"},\"query-input\":{\"@type\":\"PropertyValueSpecification\",\"valueRequired\":true,\"valueName\":\"search_term_string\"}}],\"inLanguage\":\"es\"},{\"@type\":\"Organization\",\"@id\":\"https:\/\/nurturingdurhamnc.org\/#organization\",\"name\":\"Nurturing Durham\",\"url\":\"https:\/\/nurturingdurhamnc.org\/\",\"logo\":{\"@type\":\"ImageObject\",\"inLanguage\":\"es\",\"@id\":\"https:\/\/nurturingdurhamnc.org\/#\/schema\/logo\/image\/\",\"url\":\"https:\/\/nurturingdurhamnc.org\/wp-content\/uploads\/2023\/02\/Nurturing-Durham-Logo.png\",\"contentUrl\":\"https:\/\/nurturingdurhamnc.org\/wp-content\/uploads\/2023\/02\/Nurturing-Durham-Logo.png\",\"width\":447,\"height\":128,\"caption\":\"Nurturing Durham\"},\"image\":{\"@id\":\"https:\/\/nurturingdurhamnc.org\/#\/schema\/logo\/image\/\"}}]}<\/script>\n<!-- \/ Yoast SEO plugin. -->","yoast_head_json":{"title":"C\u00d3MO: Gu\u00eda del usuario para navegar por este sitio - Nurturing Durham","description":"\u00bfPor qu\u00e9 hablamos de salud mental en ni\u00f1os tan peque\u00f1os?","robots":{"index":"index","follow":"follow","max-snippet":"max-snippet:-1","max-image-preview":"max-image-preview:large","max-video-preview":"max-video-preview:-1"},"canonical":"https:\/\/nurturingdurhamnc.org\/es\/about-og\/using-nurturing-durham-a-how-to-guide\/","og_locale":"es_MX","og_type":"article","og_title":"HOW-TO: A User Guide to Navigating this Site - Nurturing Durham","og_description":"Why are we talking about mental health in children this young?","og_url":"https:\/\/nurturingdurhamnc.org\/es\/about-og\/using-nurturing-durham-a-how-to-guide\/","og_site_name":"Nurturing Durham","article_modified_time":"2025-08-14T23:08:15+00:00","twitter_card":"summary_large_image","twitter_misc":{"Tiempo de lectura":"1 minuto"},"schema":{"@context":"https:\/\/schema.org","@graph":[{"@type":"WebPage","@id":"https:\/\/nurturingdurhamnc.org\/about-og\/using-nurturing-durham-a-how-to-guide\/","url":"https:\/\/nurturingdurhamnc.org\/about-og\/using-nurturing-durham-a-how-to-guide\/","name":"C\u00d3MO: Gu\u00eda del usuario para navegar por este sitio - Nurturing Durham","isPartOf":{"@id":"https:\/\/nurturingdurhamnc.org\/#website"},"datePublished":"2025-08-14T03:15:19+00:00","dateModified":"2025-08-14T23:08:15+00:00","description":"\u00bfPor qu\u00e9 hablamos de salud mental en ni\u00f1os tan peque\u00f1os?","breadcrumb":{"@id":"https:\/\/nurturingdurhamnc.org\/about-og\/using-nurturing-durham-a-how-to-guide\/#breadcrumb"},"inLanguage":"es","potentialAction":[{"@type":"ReadAction","target":["https:\/\/nurturingdurhamnc.org\/about-og\/using-nurturing-durham-a-how-to-guide\/"]}]},{"@type":"BreadcrumbList","@id":"https:\/\/nurturingdurhamnc.org\/about-og\/using-nurturing-durham-a-how-to-guide\/#breadcrumb","itemListElement":[{"@type":"ListItem","position":1,"name":"Home","item":"https:\/\/nurturingdurhamnc.org\/"},{"@type":"ListItem","position":2,"name":"About (OG)","item":"https:\/\/nurturingdurhamnc.org\/?page_id=47"},{"@type":"ListItem","position":3,"name":"HOW-TO: A User Guide to Navigating this Site"}]},{"@type":"WebSite","@id":"https:\/\/nurturingdurhamnc.org\/#website","url":"https:\/\/nurturingdurhamnc.org\/","name":"Nutriendo a Durham","description":"Una gu\u00eda de recursos para ni\u00f1os peque\u00f1os, padres y familias de Durham","publisher":{"@id":"https:\/\/nurturingdurhamnc.org\/#organization"},"potentialAction":[{"@type":"SearchAction","target":{"@type":"EntryPoint","urlTemplate":"https:\/\/nurturingdurhamnc.org\/?s={search_term_string}"},"query-input":{"@type":"PropertyValueSpecification","valueRequired":true,"valueName":"search_term_string"}}],"inLanguage":"es"},{"@type":"Organization","@id":"https:\/\/nurturingdurhamnc.org\/#organization","name":"Nutriendo a Durham","url":"https:\/\/nurturingdurhamnc.org\/","logo":{"@type":"ImageObject","inLanguage":"es","@id":"https:\/\/nurturingdurhamnc.org\/#\/schema\/logo\/image\/","url":"https:\/\/nurturingdurhamnc.org\/wp-content\/uploads\/2023\/02\/Nurturing-Durham-Logo.png","contentUrl":"https:\/\/nurturingdurhamnc.org\/wp-content\/uploads\/2023\/02\/Nurturing-Durham-Logo.png","width":447,"height":128,"caption":"Nurturing Durham"},"image":{"@id":"https:\/\/nurturingdurhamnc.org\/#\/schema\/logo\/image\/"}}]}},"jetpack_sharing_enabled":true,"_links":{"self":[{"href":"https:\/\/nurturingdurhamnc.org\/es\/wp-json\/wp\/v2\/pages\/3833","targetHints":{"allow":["GET"]}}],"collection":[{"href":"https:\/\/nurturingdurhamnc.org\/es\/wp-json\/wp\/v2\/pages"}],"about":[{"href":"https:\/\/nurturingdurhamnc.org\/es\/wp-json\/wp\/v2\/types\/page"}],"author":[{"embeddable":true,"href":"https:\/\/nurturingdurhamnc.org\/es\/wp-json\/wp\/v2\/users\/4"}],"replies":[{"embeddable":true,"href":"https:\/\/nurturingdurhamnc.org\/es\/wp-json\/wp\/v2\/comments?post=3833"}],"version-history":[{"count":10,"href":"https:\/\/nurturingdurhamnc.org\/es\/wp-json\/wp\/v2\/pages\/3833\/revisions"}],"predecessor-version":[{"id":3875,"href":"https:\/\/nurturingdurhamnc.org\/es\/wp-json\/wp\/v2\/pages\/3833\/revisions\/3875"}],"up":[{"embeddable":true,"href":"https:\/\/nurturingdurhamnc.org\/es\/wp-json\/wp\/v2\/pages\/47"}],"wp:attachment":[{"href":"https:\/\/nurturingdurhamnc.org\/es\/wp-json\/wp\/v2\/media?parent=3833"}],"wp:term":[{"taxonomy":"type_of_content","embeddable":true,"href":"https:\/\/nurturingdurhamnc.org\/es\/wp-json\/wp\/v2\/type_of_content?post=3833"}],"curies":[{"name":"wp","href":"https:\/\/api.w.org\/{rel}","templated":true}]}}