{"id":4015,"date":"2026-01-26T18:41:22","date_gmt":"2026-01-26T23:41:22","guid":{"rendered":"https:\/\/nurturingdurhamnc.org\/?page_id=4015"},"modified":"2026-01-26T18:44:10","modified_gmt":"2026-01-26T23:44:10","slug":"contact","status":"publish","type":"page","link":"https:\/\/nurturingdurhamnc.org\/es\/contact\/","title":{"rendered":"Contacto"},"content":{"rendered":"<div data-elementor-type=\"wp-page\" data-elementor-id=\"4015\" class=\"elementor elementor-4015\" data-elementor-post-type=\"page\">\n\t\t\t\t\t\t<section class=\"elementor-section elementor-top-section elementor-element elementor-element-142b5d7 elementor-section-full_width elementor-section-height-min-height elementor-section-height-default elementor-section-items-middle\" data-id=\"142b5d7\" data-element_type=\"section\" data-settings=\"{&quot;background_background&quot;:&quot;classic&quot;}\">\n\t\t\t\t\t\t\t<div class=\"elementor-background-overlay\"><\/div>\n\t\t\t\t\t\t\t<div class=\"elementor-container elementor-column-gap-default\">\n\t\t\t\t\t<div class=\"elementor-column elementor-col-50 elementor-top-column elementor-element elementor-element-abefdc8\" data-id=\"abefdc8\" data-element_type=\"column\">\n\t\t\t<div class=\"elementor-widget-wrap elementor-element-populated\">\n\t\t\t\t\t\t<div class=\"elementor-element elementor-element-090ebe9 elementor-widget elementor-widget-heading\" data-id=\"090ebe9\" data-element_type=\"widget\" data-widget_type=\"heading.default\">\n\t\t\t\t<div class=\"elementor-widget-container\">\n\t\t\t\t\t<h2 class=\"elementor-heading-title elementor-size-default\">Contacto<\/h2>\t\t\t\t<\/div>\n\t\t\t\t<\/div>\n\t\t\t\t\t<\/div>\n\t\t<\/div>\n\t\t\t\t<div class=\"elementor-column elementor-col-50 elementor-top-column elementor-element elementor-element-1279316\" data-id=\"1279316\" data-element_type=\"column\">\n\t\t\t<div class=\"elementor-widget-wrap\">\n\t\t\t\t\t\t\t<\/div>\n\t\t<\/div>\n\t\t\t\t\t<\/div>\n\t\t<\/section>\n\t\t\t\t<section class=\"elementor-section elementor-top-section elementor-element elementor-element-b294b7d elementor-section-boxed elementor-section-height-default elementor-section-height-default\" data-id=\"b294b7d\" data-element_type=\"section\">\n\t\t\t\t\t\t<div class=\"elementor-container elementor-column-gap-default\">\n\t\t\t\t\t<div class=\"elementor-column elementor-col-100 elementor-top-column elementor-element elementor-element-21fc513\" data-id=\"21fc513\" data-element_type=\"column\">\n\t\t\t<div class=\"elementor-widget-wrap elementor-element-populated\">\n\t\t\t\t\t\t<div class=\"elementor-element elementor-element-766e5a9 elementor-widget elementor-widget-text-editor\" data-id=\"766e5a9\" data-element_type=\"widget\" data-widget_type=\"text-editor.default\">\n\t\t\t\t<div class=\"elementor-widget-container\">\n\t\t\t\t\t\t\t\t\t<p>Utilice esta p\u00e1gina para comunicarse con los administradores voluntarios del sitio web Nurturing Durham y comprenda que es posible que no podamos responder r\u00e1pidamente.&nbsp;&nbsp;<\/p>\n<p>Para contactar al personal de un programa espec\u00edfico, consulte la secci\u00f3n &quot;C\u00f3mo conectarse&quot; de la descripci\u00f3n completa de ese programa en Nurturing Durham. Escriba el nombre del programa en la barra de b\u00fasqueda amarilla de arriba o encuentre enlaces a la descripci\u00f3n de todos los programas de Nurturing Durham en nuestro&nbsp;<a href=\"https:\/\/nurturingdurhamnc.org\/es\/all-programs\/\" target=\"_blank\" rel=\"noopener\">Todos los programas<\/a>&nbsp;p\u00e1gina.&nbsp;&nbsp;<\/p><p><span style=\"font-style: inherit; font-weight: inherit; text-align: center;\">Para actualizar la informaci\u00f3n del programa en Nurturing Durham, informar errores o solicitar la adici\u00f3n de otro recurso, haga clic a continuaci\u00f3n para enviar su comentario a Nurturing Durham.<\/span><\/p>\t\t\t\t\t\t\t\t<\/div>\n\t\t\t\t<\/div>\n\t\t\t\t\t<\/div>\n\t\t<\/div>\n\t\t\t\t\t<\/div>\n\t\t<\/section>\n\t\t\t\t<section class=\"elementor-section elementor-top-section elementor-element elementor-element-bf9add8 elementor-section-full_width elementor-section-height-default elementor-section-height-default\" data-id=\"bf9add8\" data-element_type=\"section\">\n\t\t\t\t\t\t<div class=\"elementor-container elementor-column-gap-default\">\n\t\t\t\t\t<div class=\"elementor-column elementor-col-33 elementor-top-column elementor-element elementor-element-ecde961\" data-id=\"ecde961\" data-element_type=\"column\">\n\t\t\t<div class=\"elementor-widget-wrap\">\n\t\t\t\t\t\t\t<\/div>\n\t\t<\/div>\n\t\t\t\t<div class=\"elementor-column elementor-col-33 elementor-top-column elementor-element elementor-element-e65e859\" data-id=\"e65e859\" data-element_type=\"column\">\n\t\t\t<div class=\"elementor-widget-wrap elementor-element-populated\">\n\t\t\t\t\t\t<div class=\"elementor-element elementor-element-1729182 elementor-widget__width-initial elementor-widget elementor-widget-wpforms\" data-id=\"1729182\" data-element_type=\"widget\" data-widget_type=\"wpforms.default\">\n\t\t\t\t<div class=\"elementor-widget-container\">\n\t\t\t\t\t<div class=\"wpforms-container wpforms-container-full wpf-center wpforms-render-modern\" id=\"wpforms-1369\"><form id=\"wpforms-form-1369\" class=\"wpforms-validate wpforms-form wpforms-ajax-form\" data-formid=\"1369\" method=\"post\" enctype=\"multipart\/form-data\" action=\"\/es\/wp-json\/wp\/v2\/pages\/4015\" data-token=\"3e431f1c097898ccc04426f0fa3fc972\" data-token-time=\"1776310178\" data-trp-original-action=\"\/es\/wp-json\/wp\/v2\/pages\/4015\"><noscript class=\"wpforms-error-noscript\">Por favor, activa JavaScript en tu navegador para completar este formulario.<\/noscript><div id=\"wpforms-error-noscript\" style=\"display: none;\">Por favor, activa JavaScript en tu navegador para completar este formulario.<\/div><div class=\"wpforms-field-container\"><div id=\"wpforms-1369-field_0-container\" class=\"wpforms-field wpforms-field-name\" data-field-id=\"0\"><fieldset><legend class=\"wpforms-field-label\">Nombre <span class=\"wpforms-required-label\" aria-hidden=\"true\">*<\/span><\/legend><div class=\"wpforms-field-row wpforms-field-medium\"><div class=\"wpforms-field-row-block wpforms-first wpforms-one-half\"><input type=\"text\" id=\"wpforms-1369-field_0\" class=\"wpforms-field-name-first wpforms-field-required\" name=\"wpforms[fields][0][first]\" aria-errormessage=\"wpforms-1369-field_0-error\" required><label for=\"wpforms-1369-field_0\" class=\"wpforms-field-sublabel after\">Nombre<\/label><\/div><div class=\"wpforms-field-row-block wpforms-one-half\"><input type=\"text\" id=\"wpforms-1369-field_0-last\" class=\"wpforms-field-name-last wpforms-field-required\" name=\"wpforms[fields][0][last]\" aria-errormessage=\"wpforms-1369-field_0-last-error\" required><label for=\"wpforms-1369-field_0-last\" class=\"wpforms-field-sublabel after\">Apellidos<\/label><\/div><\/div><\/fieldset><\/div><div id=\"wpforms-1369-field_1-container\" class=\"wpforms-field wpforms-field-email\" data-field-id=\"1\"><label class=\"wpforms-field-label\" for=\"wpforms-1369-field_1\">Correo electr\u00f3nico <span class=\"wpforms-required-label\" aria-hidden=\"true\">*<\/span><\/label><input type=\"email\" id=\"wpforms-1369-field_1\" class=\"wpforms-field-medium wpforms-field-required\" name=\"wpforms[fields][1]\" spellcheck=\"false\" aria-errormessage=\"wpforms-1369-field_1-error\" required><\/div><div id=\"wpforms-1369-field_5-container\" class=\"wpforms-field wpforms-field-number\" data-field-id=\"5\"><label class=\"wpforms-field-label\" for=\"wpforms-1369-field_5\">N\u00famero de tel\u00e9fono<\/label><input type=\"number\" id=\"wpforms-1369-field_5\" class=\"wpforms-field-medium\" name=\"wpforms[fields][5]\" step=\"any\" aria-errormessage=\"wpforms-1369-field_5-error\" ><\/div><div id=\"wpforms-1369-field_4-container\" class=\"wpforms-field wpforms-field-select wpforms-field-select-style-modern\" data-field-id=\"4\"><label class=\"wpforms-field-label\" for=\"wpforms-1369-field_4\">Raz\u00f3n para contactarnos <span class=\"wpforms-required-label\" aria-hidden=\"true\">*<\/span><\/label><select id=\"wpforms-1369-field_4\" class=\"wpforms-field-medium wpforms-field-required choicesjs-select\" data-size-class=\"wpforms-field-row wpforms-field-medium\" data-search-enabled=\"\" name=\"wpforms[fields][4]\" required=\"required\"><option value=\"\" class=\"placeholder\" disabled selected='selected'>- Por favor seleccione -<\/option><option value=\"Update my organization&#039;s information\"  class=\"choice-1 depth-1\"  >Actualizar la informaci\u00f3n de mi organizaci\u00f3n<\/option><option value=\"Report a non-working link or other error on the site\"  class=\"choice-2 depth-1\"  >Reportar un enlace que no funciona u otro error en el sitio<\/option><option value=\"Help connect with a resource on this site\"  class=\"choice-3 depth-1\"  >Ayuda a conectar con un recurso en este sitio<\/option><option value=\"Request the addition of another resource to the program&#039;s list\"  class=\"choice-4 depth-1\"  >Solicitar la adici\u00f3n de otro recurso a la lista del programa<\/option><option value=\"Share your feedback on the Nurturing Durham site\"  class=\"choice-7 depth-1\"  >Comparta sus comentarios en el sitio de Nurturing Durham<\/option><option value=\"Other\"  class=\"choice-8 depth-1\"  >Otro<\/option><\/select><\/div><div id=\"wpforms-1369-field_3-container\" class=\"wpforms-field wpforms-field-text\" data-field-id=\"3\"><label class=\"wpforms-field-label\" for=\"wpforms-1369-field_3\">Nombre de la organizaci\u00f3n o programa<\/label><input type=\"text\" id=\"wpforms-1369-field_3\" class=\"wpforms-field-medium\" name=\"wpforms[fields][3]\" aria-errormessage=\"wpforms-1369-field_3-error\" ><\/div><div id=\"wpforms-1369-field_2-container\" class=\"wpforms-field wpforms-field-textarea wpforms-one-third wpforms-first\" data-field-id=\"2\"><label class=\"wpforms-field-label\" for=\"wpforms-1369-field_2\">\u00bfC\u00f3mo podemos ayudar? <span class=\"wpforms-required-label\" aria-hidden=\"true\">*<\/span><\/label><textarea id=\"wpforms-1369-field_2\" class=\"wpforms-field-medium wpforms-field-required\" name=\"wpforms[fields][2]\" aria-errormessage=\"wpforms-1369-field_2-error\" required><\/textarea><\/div><\/div><!-- .wpforms-field-container --><div class=\"wpforms-recaptcha-container wpforms-is-turnstile\" ><div class=\"cf-turnstile\" data-sitekey=\"0x4AAAAAAAD86K0SMXPStbU0\" data-action=\"FormID-1369\"><\/div><input type=\"text\" name=\"g-recaptcha-hidden\" class=\"wpforms-recaptcha-hidden\" style=\"position:absolute!important;clip:rect(0,0,0,0)!important;height:1px!important;width:1px!important;border:0!important;overflow:hidden!important;padding:0!important;margin:0!important;\" data-rule-turnstile=\"1\"><\/div><div class=\"wpforms-submit-container\" ><input type=\"hidden\" name=\"wpforms[id]\" value=\"1369\"><input type=\"hidden\" name=\"page_title\" value=\"\"><input type=\"hidden\" name=\"page_url\" value=\"https:\/\/nurturingdurhamnc.org\/es\/wp-json\/wp\/v2\/pages\/4015\"><input type=\"hidden\" name=\"url_referer\" value=\"\"><button type=\"submit\" name=\"wpforms[submit]\" id=\"wpforms-submit-1369\" class=\"wpforms-submit\" data-alt-text=\"Sending...\" data-submit-text=\"Submit\" aria-live=\"assertive\" value=\"wpforms-submit\">Entregar<\/button><img decoding=\"async\" src=\"https:\/\/nurturingdurhamnc.org\/wp-content\/plugins\/wpforms-lite\/assets\/images\/submit-spin.svg\" class=\"wpforms-submit-spinner\" style=\"display: none;\" width=\"26\" height=\"26\" alt=\"Cargando\"><\/div><input type=\"hidden\" name=\"trp-form-language\" value=\"es\"\/><\/form><\/div>  <!-- .wpforms-container -->\t\t\t\t<\/div>\n\t\t\t\t<\/div>\n\t\t\t\t\t<\/div>\n\t\t<\/div>\n\t\t\t\t<div class=\"elementor-column elementor-col-33 elementor-top-column elementor-element elementor-element-4e58ece\" data-id=\"4e58ece\" data-element_type=\"column\">\n\t\t\t<div class=\"elementor-widget-wrap elementor-element-populated\">\n\t\t\t\t\t\t<div class=\"elementor-element elementor-element-5f5382e elementor-widget elementor-widget-image\" data-id=\"5f5382e\" data-element_type=\"widget\" data-widget_type=\"image.default\">\n\t\t\t\t<div class=\"elementor-widget-container\">\n\t\t\t\t\t\t\t\t\t\t\t\t\t\t\t<img fetchpriority=\"high\" decoding=\"async\" width=\"367\" height=\"476\" src=\"https:\/\/nurturingdurhamnc.org\/wp-content\/uploads\/2023\/04\/contact-bull.png\" class=\"attachment-full size-full wp-image-1489\" alt=\"\" srcset=\"https:\/\/nurturingdurhamnc.org\/wp-content\/uploads\/2023\/04\/contact-bull.png 367w, https:\/\/nurturingdurhamnc.org\/wp-content\/uploads\/2023\/04\/contact-bull-231x300.png 231w, https:\/\/nurturingdurhamnc.org\/wp-content\/uploads\/2023\/04\/contact-bull-9x12.png 9w\" sizes=\"(max-width: 367px) 100vw, 367px\" \/>\t\t\t\t\t\t\t\t\t\t\t\t\t\t\t<\/div>\n\t\t\t\t<\/div>\n\t\t\t\t\t<\/div>\n\t\t<\/div>\n\t\t\t\t\t<\/div>\n\t\t<\/section>\n\t\t\t\t<section class=\"elementor-section elementor-top-section elementor-element elementor-element-49a4a64 elementor-section-boxed elementor-section-height-default elementor-section-height-default\" data-id=\"49a4a64\" data-element_type=\"section\">\n\t\t\t\t\t\t<div class=\"elementor-container elementor-column-gap-default\">\n\t\t\t\t\t<div class=\"elementor-column elementor-col-100 elementor-top-column elementor-element elementor-element-91c2738\" data-id=\"91c2738\" data-element_type=\"column\">\n\t\t\t<div class=\"elementor-widget-wrap elementor-element-populated\">\n\t\t\t\t\t\t<div class=\"elementor-element elementor-element-71ccfef elementor-widget elementor-widget-text-editor\" data-id=\"71ccfef\" data-element_type=\"widget\" data-widget_type=\"text-editor.default\">\n\t\t\t\t<div class=\"elementor-widget-container\">\n\t\t\t\t\t\t\t\t\t<p><a href=\"https:\/\/nurturingdurhamnc.org\/es\/contact\/?am_force_theme_layout=desktop\">Cambiar a la vista de escritorio\u00a0<\/a><\/p>\t\t\t\t\t\t\t\t<\/div>\n\t\t\t\t<\/div>\n\t\t\t\t\t<\/div>\n\t\t<\/div>\n\t\t\t\t\t<\/div>\n\t\t<\/section>\n\t\t\t\t<\/div>","protected":false},"excerpt":{"rendered":"<p>Please use this page to contact the volunteer administrators of the Nurturing Durham website, and understand that we may not be able to respond quickly.&nbsp;&nbsp; To reach the staff of a specific program, please&nbsp;see the &#8220;How to Get Connected&#8221; section of that program&#8217;s full description on Nurturing Durahm. Type the progrma&#8217;s name in the yellow [&hellip;]<\/p>","protected":false},"author":4,"featured_media":182,"parent":0,"menu_order":0,"comment_status":"closed","ping_status":"closed","template":"","meta":{"_acf_changed":false,"site-sidebar-layout":"no-sidebar","site-content-layout":"page-builder","ast-site-content-layout":"default","site-content-style":"default","site-sidebar-style":"default","ast-global-header-display":"","ast-banner-title-visibility":"","ast-main-header-display":"","ast-hfb-above-header-display":"","ast-hfb-below-header-display":"","ast-hfb-mobile-header-display":"","site-post-title":"disabled","ast-breadcrumbs-content":"","ast-featured-img":"disabled","footer-sml-layout":"","theme-transparent-header-meta":"","adv-header-id-meta":"","stick-header-meta":"","header-above-stick-meta":"","header-main-stick-meta":"","header-below-stick-meta":"","astra-migrate-meta-layouts":"default","ast-page-background-enabled":"default","ast-page-background-meta":{"desktop":{"background-color":"var(--ast-global-color-4)","background-image":"","background-repeat":"repeat","background-position":"center center","background-size":"auto","background-attachment":"scroll","background-type":"","background-media":"","overlay-type":"","overlay-color":"","overlay-opacity":"","overlay-gradient":""},"tablet":{"background-color":"","background-image":"","background-repeat":"repeat","background-position":"center center","background-size":"auto","background-attachment":"scroll","background-type":"","background-media":"","overlay-type":"","overlay-color":"","overlay-opacity":"","overlay-gradient":""},"mobile":{"background-color":"","background-image":"","background-repeat":"repeat","background-position":"center center","background-size":"auto","background-attachment":"scroll","background-type":"","background-media":"","overlay-type":"","overlay-color":"","overlay-opacity":"","overlay-gradient":""}},"ast-content-background-meta":{"desktop":{"background-color":"var(--ast-global-color-5)","background-image":"","background-repeat":"repeat","background-position":"center center","background-size":"auto","background-attachment":"scroll","background-type":"","background-media":"","overlay-type":"","overlay-color":"","overlay-opacity":"","overlay-gradient":""},"tablet":{"background-color":"var(--ast-global-color-5)","background-image":"","background-repeat":"repeat","background-position":"center center","background-size":"auto","background-attachment":"scroll","background-type":"","background-media":"","overlay-type":"","overlay-color":"","overlay-opacity":"","overlay-gradient":""},"mobile":{"background-color":"var(--ast-global-color-5)","background-image":"","background-repeat":"repeat","background-position":"center center","background-size":"auto","background-attachment":"scroll","background-type":"","background-media":"","overlay-type":"","overlay-color":"","overlay-opacity":"","overlay-gradient":""}},"footnotes":""},"type_of_content":[],"class_list":["post-4015","page","type-page","status-publish","has-post-thumbnail","hentry"],"acf":[],"yoast_head":"<!-- This site is optimized with the Yoast SEO plugin v26.4 - https:\/\/yoast.com\/wordpress\/plugins\/seo\/ -->\n<title>Contact - Nurturing Durham<\/title>\n<meta name=\"robots\" content=\"index, follow, max-snippet:-1, max-image-preview:large, max-video-preview:-1\" \/>\n<link rel=\"canonical\" href=\"https:\/\/nurturingdurhamnc.org\/es\/contact\/\" \/>\n<meta property=\"og:locale\" content=\"es_MX\" \/>\n<meta property=\"og:type\" content=\"article\" \/>\n<meta property=\"og:title\" content=\"Contact - Nurturing Durham\" \/>\n<meta property=\"og:description\" content=\"Please use this page to contact the volunteer administrators of the Nurturing Durham website, and understand that we may not be able to respond quickly.&nbsp;&nbsp; To reach the staff of a specific program, please&nbsp;see the &#8220;How to Get Connected&#8221; section of that program&#8217;s full description on Nurturing Durahm. Type the progrma&#8217;s name in the yellow [&hellip;]\" \/>\n<meta property=\"og:url\" content=\"https:\/\/nurturingdurhamnc.org\/es\/contact\/\" \/>\n<meta property=\"og:site_name\" content=\"Nurturing Durham\" \/>\n<meta property=\"article:modified_time\" content=\"2026-01-26T23:44:10+00:00\" \/>\n<meta property=\"og:image\" content=\"https:\/\/nurturingdurhamnc.org\/wp-content\/uploads\/2023\/02\/Contact-us-header.jpg\" \/>\n\t<meta property=\"og:image:width\" content=\"1900\" \/>\n\t<meta property=\"og:image:height\" content=\"450\" \/>\n\t<meta property=\"og:image:type\" content=\"image\/jpeg\" \/>\n<meta name=\"twitter:card\" content=\"summary_large_image\" \/>\n<meta name=\"twitter:label1\" content=\"Tiempo de lectura\" \/>\n\t<meta name=\"twitter:data1\" content=\"2 minutos\" \/>\n<script type=\"application\/ld+json\" class=\"yoast-schema-graph\">{\"@context\":\"https:\/\/schema.org\",\"@graph\":[{\"@type\":\"WebPage\",\"@id\":\"https:\/\/nurturingdurhamnc.org\/contact\/\",\"url\":\"https:\/\/nurturingdurhamnc.org\/contact\/\",\"name\":\"Contact - Nurturing Durham\",\"isPartOf\":{\"@id\":\"https:\/\/nurturingdurhamnc.org\/#website\"},\"primaryImageOfPage\":{\"@id\":\"https:\/\/nurturingdurhamnc.org\/contact\/#primaryimage\"},\"image\":{\"@id\":\"https:\/\/nurturingdurhamnc.org\/contact\/#primaryimage\"},\"thumbnailUrl\":\"https:\/\/nurturingdurhamnc.org\/wp-content\/uploads\/2023\/02\/Contact-us-header.jpg\",\"datePublished\":\"2026-01-26T23:41:22+00:00\",\"dateModified\":\"2026-01-26T23:44:10+00:00\",\"breadcrumb\":{\"@id\":\"https:\/\/nurturingdurhamnc.org\/contact\/#breadcrumb\"},\"inLanguage\":\"es\",\"potentialAction\":[{\"@type\":\"ReadAction\",\"target\":[\"https:\/\/nurturingdurhamnc.org\/contact\/\"]}]},{\"@type\":\"ImageObject\",\"inLanguage\":\"es\",\"@id\":\"https:\/\/nurturingdurhamnc.org\/contact\/#primaryimage\",\"url\":\"https:\/\/nurturingdurhamnc.org\/wp-content\/uploads\/2023\/02\/Contact-us-header.jpg\",\"contentUrl\":\"https:\/\/nurturingdurhamnc.org\/wp-content\/uploads\/2023\/02\/Contact-us-header.jpg\",\"width\":1900,\"height\":450},{\"@type\":\"BreadcrumbList\",\"@id\":\"https:\/\/nurturingdurhamnc.org\/contact\/#breadcrumb\",\"itemListElement\":[{\"@type\":\"ListItem\",\"position\":1,\"name\":\"Home\",\"item\":\"https:\/\/nurturingdurhamnc.org\/\"},{\"@type\":\"ListItem\",\"position\":2,\"name\":\"Contact\"}]},{\"@type\":\"WebSite\",\"@id\":\"https:\/\/nurturingdurhamnc.org\/#website\",\"url\":\"https:\/\/nurturingdurhamnc.org\/\",\"name\":\"Nurturing Durham\",\"description\":\"A Resource Guide for Durham&#039;s Young Children, Parents &amp; Families\",\"publisher\":{\"@id\":\"https:\/\/nurturingdurhamnc.org\/#organization\"},\"potentialAction\":[{\"@type\":\"SearchAction\",\"target\":{\"@type\":\"EntryPoint\",\"urlTemplate\":\"https:\/\/nurturingdurhamnc.org\/?s={search_term_string}\"},\"query-input\":{\"@type\":\"PropertyValueSpecification\",\"valueRequired\":true,\"valueName\":\"search_term_string\"}}],\"inLanguage\":\"es\"},{\"@type\":\"Organization\",\"@id\":\"https:\/\/nurturingdurhamnc.org\/#organization\",\"name\":\"Nurturing Durham\",\"url\":\"https:\/\/nurturingdurhamnc.org\/\",\"logo\":{\"@type\":\"ImageObject\",\"inLanguage\":\"es\",\"@id\":\"https:\/\/nurturingdurhamnc.org\/#\/schema\/logo\/image\/\",\"url\":\"https:\/\/nurturingdurhamnc.org\/wp-content\/uploads\/2023\/02\/Nurturing-Durham-Logo.png\",\"contentUrl\":\"https:\/\/nurturingdurhamnc.org\/wp-content\/uploads\/2023\/02\/Nurturing-Durham-Logo.png\",\"width\":447,\"height\":128,\"caption\":\"Nurturing Durham\"},\"image\":{\"@id\":\"https:\/\/nurturingdurhamnc.org\/#\/schema\/logo\/image\/\"}}]}<\/script>\n<!-- \/ Yoast SEO plugin. -->","yoast_head_json":{"title":"Contacto - Nurturing Durham","robots":{"index":"index","follow":"follow","max-snippet":"max-snippet:-1","max-image-preview":"max-image-preview:large","max-video-preview":"max-video-preview:-1"},"canonical":"https:\/\/nurturingdurhamnc.org\/es\/contact\/","og_locale":"es_MX","og_type":"article","og_title":"Contact - Nurturing Durham","og_description":"Please use this page to contact the volunteer administrators of the Nurturing Durham website, and understand that we may not be able to respond quickly.&nbsp;&nbsp; To reach the staff of a specific program, please&nbsp;see the &#8220;How to Get Connected&#8221; section of that program&#8217;s full description on Nurturing Durahm. Type the progrma&#8217;s name in the yellow [&hellip;]","og_url":"https:\/\/nurturingdurhamnc.org\/es\/contact\/","og_site_name":"Nurturing Durham","article_modified_time":"2026-01-26T23:44:10+00:00","og_image":[{"width":1900,"height":450,"url":"https:\/\/nurturingdurhamnc.org\/wp-content\/uploads\/2023\/02\/Contact-us-header.jpg","type":"image\/jpeg"}],"twitter_card":"summary_large_image","twitter_misc":{"Tiempo de lectura":"2 minutos"},"schema":{"@context":"https:\/\/schema.org","@graph":[{"@type":"WebPage","@id":"https:\/\/nurturingdurhamnc.org\/contact\/","url":"https:\/\/nurturingdurhamnc.org\/contact\/","name":"Contacto - Nurturing Durham","isPartOf":{"@id":"https:\/\/nurturingdurhamnc.org\/#website"},"primaryImageOfPage":{"@id":"https:\/\/nurturingdurhamnc.org\/contact\/#primaryimage"},"image":{"@id":"https:\/\/nurturingdurhamnc.org\/contact\/#primaryimage"},"thumbnailUrl":"https:\/\/nurturingdurhamnc.org\/wp-content\/uploads\/2023\/02\/Contact-us-header.jpg","datePublished":"2026-01-26T23:41:22+00:00","dateModified":"2026-01-26T23:44:10+00:00","breadcrumb":{"@id":"https:\/\/nurturingdurhamnc.org\/contact\/#breadcrumb"},"inLanguage":"es","potentialAction":[{"@type":"ReadAction","target":["https:\/\/nurturingdurhamnc.org\/contact\/"]}]},{"@type":"ImageObject","inLanguage":"es","@id":"https:\/\/nurturingdurhamnc.org\/contact\/#primaryimage","url":"https:\/\/nurturingdurhamnc.org\/wp-content\/uploads\/2023\/02\/Contact-us-header.jpg","contentUrl":"https:\/\/nurturingdurhamnc.org\/wp-content\/uploads\/2023\/02\/Contact-us-header.jpg","width":1900,"height":450},{"@type":"BreadcrumbList","@id":"https:\/\/nurturingdurhamnc.org\/contact\/#breadcrumb","itemListElement":[{"@type":"ListItem","position":1,"name":"Home","item":"https:\/\/nurturingdurhamnc.org\/"},{"@type":"ListItem","position":2,"name":"Contact"}]},{"@type":"WebSite","@id":"https:\/\/nurturingdurhamnc.org\/#website","url":"https:\/\/nurturingdurhamnc.org\/","name":"Nutriendo a Durham","description":"Una gu\u00eda de recursos para ni\u00f1os peque\u00f1os, padres y familias de Durham","publisher":{"@id":"https:\/\/nurturingdurhamnc.org\/#organization"},"potentialAction":[{"@type":"SearchAction","target":{"@type":"EntryPoint","urlTemplate":"https:\/\/nurturingdurhamnc.org\/?s={search_term_string}"},"query-input":{"@type":"PropertyValueSpecification","valueRequired":true,"valueName":"search_term_string"}}],"inLanguage":"es"},{"@type":"Organization","@id":"https:\/\/nurturingdurhamnc.org\/#organization","name":"Nutriendo a Durham","url":"https:\/\/nurturingdurhamnc.org\/","logo":{"@type":"ImageObject","inLanguage":"es","@id":"https:\/\/nurturingdurhamnc.org\/#\/schema\/logo\/image\/","url":"https:\/\/nurturingdurhamnc.org\/wp-content\/uploads\/2023\/02\/Nurturing-Durham-Logo.png","contentUrl":"https:\/\/nurturingdurhamnc.org\/wp-content\/uploads\/2023\/02\/Nurturing-Durham-Logo.png","width":447,"height":128,"caption":"Nurturing Durham"},"image":{"@id":"https:\/\/nurturingdurhamnc.org\/#\/schema\/logo\/image\/"}}]}},"jetpack_sharing_enabled":true,"_links":{"self":[{"href":"https:\/\/nurturingdurhamnc.org\/es\/wp-json\/wp\/v2\/pages\/4015","targetHints":{"allow":["GET"]}}],"collection":[{"href":"https:\/\/nurturingdurhamnc.org\/es\/wp-json\/wp\/v2\/pages"}],"about":[{"href":"https:\/\/nurturingdurhamnc.org\/es\/wp-json\/wp\/v2\/types\/page"}],"author":[{"embeddable":true,"href":"https:\/\/nurturingdurhamnc.org\/es\/wp-json\/wp\/v2\/users\/4"}],"replies":[{"embeddable":true,"href":"https:\/\/nurturingdurhamnc.org\/es\/wp-json\/wp\/v2\/comments?post=4015"}],"version-history":[{"count":4,"href":"https:\/\/nurturingdurhamnc.org\/es\/wp-json\/wp\/v2\/pages\/4015\/revisions"}],"predecessor-version":[{"id":4019,"href":"https:\/\/nurturingdurhamnc.org\/es\/wp-json\/wp\/v2\/pages\/4015\/revisions\/4019"}],"wp:featuredmedia":[{"embeddable":true,"href":"https:\/\/nurturingdurhamnc.org\/es\/wp-json\/wp\/v2\/media\/182"}],"wp:attachment":[{"href":"https:\/\/nurturingdurhamnc.org\/es\/wp-json\/wp\/v2\/media?parent=4015"}],"wp:term":[{"taxonomy":"type_of_content","embeddable":true,"href":"https:\/\/nurturingdurhamnc.org\/es\/wp-json\/wp\/v2\/type_of_content?post=4015"}],"curies":[{"name":"wp","href":"https:\/\/api.w.org\/{rel}","templated":true}]}}