{"id":49,"date":"2023-02-08T21:49:21","date_gmt":"2023-02-08T21:49:21","guid":{"rendered":"https:\/\/nurturingdurhamnc.org\/?page_id=49"},"modified":"2024-06-24T21:07:52","modified_gmt":"2024-06-24T21:07:52","slug":"find-support","status":"publish","type":"page","link":"https:\/\/nurturingdurhamnc.org\/es\/find-support\/","title":{"rendered":"Encuentre Apoyo"},"content":{"rendered":"<div data-elementor-type=\"wp-page\" data-elementor-id=\"49\" class=\"elementor elementor-49\" data-elementor-post-type=\"page\">\n\t\t\t\t\t\t<section class=\"elementor-section elementor-top-section elementor-element elementor-element-c6fd860 elementor-section-full_width elementor-section-height-min-height elementor-section-height-default elementor-section-items-middle\" data-id=\"c6fd860\" data-element_type=\"section\" data-settings=\"{&quot;background_background&quot;:&quot;classic&quot;}\">\n\t\t\t\t\t\t\t<div class=\"elementor-background-overlay\"><\/div>\n\t\t\t\t\t\t\t<div class=\"elementor-container elementor-column-gap-default\">\n\t\t\t\t\t<div class=\"elementor-column elementor-col-50 elementor-top-column elementor-element elementor-element-60642e1\" data-id=\"60642e1\" data-element_type=\"column\">\n\t\t\t<div class=\"elementor-widget-wrap elementor-element-populated\">\n\t\t\t\t\t\t<div class=\"elementor-element elementor-element-1276a81 elementor-widget elementor-widget-heading\" data-id=\"1276a81\" data-element_type=\"widget\" data-widget_type=\"heading.default\">\n\t\t\t\t<div class=\"elementor-widget-container\">\n\t\t\t\t\t<h2 class=\"elementor-heading-title elementor-size-default\">Encuentre Apoyo<\/h2>\t\t\t\t<\/div>\n\t\t\t\t<\/div>\n\t\t\t\t\t<\/div>\n\t\t<\/div>\n\t\t\t\t<div class=\"elementor-column elementor-col-50 elementor-top-column elementor-element elementor-element-c1521c2\" data-id=\"c1521c2\" data-element_type=\"column\">\n\t\t\t<div class=\"elementor-widget-wrap\">\n\t\t\t\t\t\t\t<\/div>\n\t\t<\/div>\n\t\t\t\t\t<\/div>\n\t\t<\/section>\n\t\t\t\t<section class=\"elementor-section elementor-top-section elementor-element elementor-element-af0d2e1 elementor-section-boxed elementor-section-height-default elementor-section-height-default\" data-id=\"af0d2e1\" data-element_type=\"section\">\n\t\t\t\t\t\t<div class=\"elementor-container elementor-column-gap-default\">\n\t\t\t\t\t<div class=\"elementor-column elementor-col-100 elementor-top-column elementor-element elementor-element-957b147\" data-id=\"957b147\" data-element_type=\"column\">\n\t\t\t<div class=\"elementor-widget-wrap elementor-element-populated\">\n\t\t\t\t\t\t<div class=\"elementor-element elementor-element-e83b51e elementor-widget elementor-widget-heading\" data-id=\"e83b51e\" data-element_type=\"widget\" data-widget_type=\"heading.default\">\n\t\t\t\t<div class=\"elementor-widget-container\">\n\t\t\t\t\t<h2 class=\"elementor-heading-title elementor-size-default\">Haga clic en una de las categor\u00edas a continuaci\u00f3n para ver una lista de programas y recursos que pueden ayudar a su familia con:<\/h2>\t\t\t\t<\/div>\n\t\t\t\t<\/div>\n\t\t\t\t\t<\/div>\n\t\t<\/div>\n\t\t\t\t\t<\/div>\n\t\t<\/section>\n\t\t\t\t<section class=\"elementor-section elementor-top-section elementor-element elementor-element-71cf8e3 elementor-section-boxed elementor-section-height-default elementor-section-height-default\" data-id=\"71cf8e3\" data-element_type=\"section\">\n\t\t\t\t\t\t<div class=\"elementor-container elementor-column-gap-default\">\n\t\t\t\t\t<div class=\"elementor-column elementor-col-100 elementor-top-column elementor-element elementor-element-397fe05\" data-id=\"397fe05\" data-element_type=\"column\">\n\t\t\t<div class=\"elementor-widget-wrap elementor-element-populated\">\n\t\t\t\t\t\t<div class=\"elementor-element elementor-element-fb923a3 elementor-posts--align-left elementor-grid-3 elementor-grid-tablet-2 elementor-grid-mobile-1 elementor-posts--thumbnail-top elementor-card-shadow-yes elementor-posts__hover-gradient elementor-widget elementor-widget-posts\" data-id=\"fb923a3\" data-element_type=\"widget\" data-settings=\"{&quot;cards_columns&quot;:&quot;3&quot;,&quot;cards_columns_tablet&quot;:&quot;2&quot;,&quot;cards_columns_mobile&quot;:&quot;1&quot;,&quot;cards_row_gap&quot;:{&quot;unit&quot;:&quot;px&quot;,&quot;size&quot;:35,&quot;sizes&quot;:[]},&quot;cards_row_gap_tablet&quot;:{&quot;unit&quot;:&quot;px&quot;,&quot;size&quot;:&quot;&quot;,&quot;sizes&quot;:[]},&quot;cards_row_gap_mobile&quot;:{&quot;unit&quot;:&quot;px&quot;,&quot;size&quot;:&quot;&quot;,&quot;sizes&quot;:[]}}\" data-widget_type=\"posts.cards\">\n\t\t\t\t<div class=\"elementor-widget-container\">\n\t\t\t\t\t\t\t<div class=\"elementor-posts-container elementor-posts elementor-posts--skin-cards elementor-grid\" role=\"list\">\n\t\t\t\t<article class=\"elementor-post elementor-grid-item post-2772 page type-page status-publish hentry type_of_content-program-topics\" role=\"listitem\">\n\t\t\t<div class=\"elementor-post__card\">\n\t\t\t\t<div class=\"elementor-post__text\">\n\t\t\t\t<h3 class=\"elementor-post__title\">\n\t\t\t<a href=\"https:\/\/nurturingdurhamnc.org\/es\/all-programs\/childrens-behavior-and-emotions-2\/\" >\n\t\t\t\tComportamiento y emociones de los ni\u00f1os\t\t\t<\/a>\n\t\t<\/h3>\n\t\t\t\t<\/div>\n\t\t\t\t\t<\/div>\n\t\t<\/article>\n\t\t\t\t<article class=\"elementor-post elementor-grid-item post-2846 page type-page status-publish hentry type_of_content-program-topics\" role=\"listitem\">\n\t\t\t<div class=\"elementor-post__card\">\n\t\t\t\t<div class=\"elementor-post__text\">\n\t\t\t\t<h3 class=\"elementor-post__title\">\n\t\t\t<a href=\"https:\/\/nurturingdurhamnc.org\/es\/all-programs\/concerns-about-a-childs-development-or-milestones-2\/\" >\n\t\t\t\tPreocupaciones sobre el desarrollo de un ni\u00f1o\t\t\t<\/a>\n\t\t<\/h3>\n\t\t\t\t<\/div>\n\t\t\t\t\t<\/div>\n\t\t<\/article>\n\t\t\t\t<article class=\"elementor-post elementor-grid-item post-403 page type-page status-publish hentry type_of_content-program-topics\" role=\"listitem\">\n\t\t\t<div class=\"elementor-post__card\">\n\t\t\t\t<div class=\"elementor-post__text\">\n\t\t\t\t<h3 class=\"elementor-post__title\">\n\t\t\t<a href=\"https:\/\/nurturingdurhamnc.org\/es\/all-programs\/crisis-support\/\" >\n\t\t\t\tApoyo en caso de crisis\t\t\t<\/a>\n\t\t<\/h3>\n\t\t\t\t<\/div>\n\t\t\t\t\t<\/div>\n\t\t<\/article>\n\t\t\t\t<article class=\"elementor-post elementor-grid-item post-2931 page type-page status-publish hentry type_of_content-program-topics\" role=\"listitem\">\n\t\t\t<div class=\"elementor-post__card\">\n\t\t\t\t<div class=\"elementor-post__text\">\n\t\t\t\t<h3 class=\"elementor-post__title\">\n\t\t\t<a href=\"https:\/\/nurturingdurhamnc.org\/es\/all-programs\/early-learning-and-play-opportunities-2\/\" >\n\t\t\t\tOportunidades de aprendizaje temprano y juego\t\t\t<\/a>\n\t\t<\/h3>\n\t\t\t\t<\/div>\n\t\t\t\t\t<\/div>\n\t\t<\/article>\n\t\t\t\t<article class=\"elementor-post elementor-grid-item post-2953 page type-page status-publish hentry type_of_content-program-topics\" role=\"listitem\">\n\t\t\t<div class=\"elementor-post__card\">\n\t\t\t\t<div class=\"elementor-post__text\">\n\t\t\t\t<h3 class=\"elementor-post__title\">\n\t\t\t<a href=\"https:\/\/nurturingdurhamnc.org\/es\/all-programs\/essential-supplies-basic-needs\/\" >\n\t\t\t\tSuministros esenciales y necesidades b\u00e1sicas\t\t\t<\/a>\n\t\t<\/h3>\n\t\t\t\t<\/div>\n\t\t\t\t\t<\/div>\n\t\t<\/article>\n\t\t\t\t<article class=\"elementor-post elementor-grid-item post-2971 page type-page status-publish hentry type_of_content-program-topics\" role=\"listitem\">\n\t\t\t<div class=\"elementor-post__card\">\n\t\t\t\t<div class=\"elementor-post__text\">\n\t\t\t\t<h3 class=\"elementor-post__title\">\n\t\t\t<a href=\"https:\/\/nurturingdurhamnc.org\/es\/all-programs\/finding-and-paying-for-child-care\/\" >\n\t\t\t\tEncontrar y pagar el cuidado de ni\u00f1os\t\t\t<\/a>\n\t\t<\/h3>\n\t\t\t\t<\/div>\n\t\t\t\t\t<\/div>\n\t\t<\/article>\n\t\t\t\t<article class=\"elementor-post elementor-grid-item post-3000 page type-page status-publish hentry type_of_content-program-topics\" role=\"listitem\">\n\t\t\t<div class=\"elementor-post__card\">\n\t\t\t\t<div class=\"elementor-post__text\">\n\t\t\t\t<h3 class=\"elementor-post__title\">\n\t\t\t<a href=\"https:\/\/nurturingdurhamnc.org\/es\/all-programs\/getting-connected-to-services\/\" >\n\t\t\t\tC\u00f3mo conectarse a los servicios\t\t\t<\/a>\n\t\t<\/h3>\n\t\t\t\t<\/div>\n\t\t\t\t\t<\/div>\n\t\t<\/article>\n\t\t\t\t<article class=\"elementor-post elementor-grid-item post-3045 page type-page status-publish hentry type_of_content-program-topics\" role=\"listitem\">\n\t\t\t<div class=\"elementor-post__card\">\n\t\t\t\t<div class=\"elementor-post__text\">\n\t\t\t\t<h3 class=\"elementor-post__title\">\n\t\t\t<a href=\"https:\/\/nurturingdurhamnc.org\/es\/all-programs\/legal-resources\/\" >\n\t\t\t\tRecursos Legales\t\t\t<\/a>\n\t\t<\/h3>\n\t\t\t\t<\/div>\n\t\t\t\t\t<\/div>\n\t\t<\/article>\n\t\t\t\t<article class=\"elementor-post elementor-grid-item post-3054 page type-page status-publish hentry type_of_content-program-topics\" role=\"listitem\">\n\t\t\t<div class=\"elementor-post__card\">\n\t\t\t\t<div class=\"elementor-post__text\">\n\t\t\t\t<h3 class=\"elementor-post__title\">\n\t\t\t<a href=\"https:\/\/nurturingdurhamnc.org\/es\/all-programs\/parent-groups-2\/\" >\n\t\t\t\tGrupos de padres\t\t\t<\/a>\n\t\t<\/h3>\n\t\t\t\t<\/div>\n\t\t\t\t\t<\/div>\n\t\t<\/article>\n\t\t\t\t<article class=\"elementor-post elementor-grid-item post-3070 page type-page status-publish hentry type_of_content-program-topics\" role=\"listitem\">\n\t\t\t<div class=\"elementor-post__card\">\n\t\t\t\t<div class=\"elementor-post__text\">\n\t\t\t\t<h3 class=\"elementor-post__title\">\n\t\t\t<a href=\"https:\/\/nurturingdurhamnc.org\/es\/all-programs\/parent-organizing-and-advocacy-2\/\" >\n\t\t\t\tOrganizaci\u00f3n y defensa de los padres\t\t\t<\/a>\n\t\t<\/h3>\n\t\t\t\t<\/div>\n\t\t\t\t\t<\/div>\n\t\t<\/article>\n\t\t\t\t<article class=\"elementor-post elementor-grid-item post-3060 page type-page status-publish hentry type_of_content-program-topics\" role=\"listitem\">\n\t\t\t<div class=\"elementor-post__card\">\n\t\t\t\t<div class=\"elementor-post__text\">\n\t\t\t\t<h3 class=\"elementor-post__title\">\n\t\t\t<a href=\"https:\/\/nurturingdurhamnc.org\/es\/all-programs\/parenting-support-and-strategies-2\/\" >\n\t\t\t\tApoyo y estrategias para padres\t\t\t<\/a>\n\t\t<\/h3>\n\t\t\t\t<\/div>\n\t\t\t\t\t<\/div>\n\t\t<\/article>\n\t\t\t\t<article class=\"elementor-post elementor-grid-item post-3065 page type-page status-publish hentry type_of_content-program-topics\" role=\"listitem\">\n\t\t\t<div class=\"elementor-post__card\">\n\t\t\t\t<div class=\"elementor-post__text\">\n\t\t\t\t<h3 class=\"elementor-post__title\">\n\t\t\t<a href=\"https:\/\/nurturingdurhamnc.org\/es\/all-programs\/parents-health-and-wellbeing-2\/\" >\n\t\t\t\tSalud y bienestar de los padres\t\t\t<\/a>\n\t\t<\/h3>\n\t\t\t\t<\/div>\n\t\t\t\t\t<\/div>\n\t\t<\/article>\n\t\t\t\t<article class=\"elementor-post elementor-grid-item post-3075 page type-page status-publish hentry type_of_content-program-topics\" role=\"listitem\">\n\t\t\t<div class=\"elementor-post__card\">\n\t\t\t\t<div class=\"elementor-post__text\">\n\t\t\t\t<h3 class=\"elementor-post__title\">\n\t\t\t<a href=\"https:\/\/nurturingdurhamnc.org\/es\/all-programs\/pregnancy-birth-and-postpartum-2\/\" >\n\t\t\t\tEmbarazo, Parto y Postparto\t\t\t<\/a>\n\t\t<\/h3>\n\t\t\t\t<\/div>\n\t\t\t\t\t<\/div>\n\t\t<\/article>\n\t\t\t\t<\/div>\n\t\t\n\t\t\t\t\t\t<\/div>\n\t\t\t\t<\/div>\n\t\t\t\t<section class=\"elementor-section elementor-inner-section elementor-element elementor-element-38ed309 elementor-section-boxed elementor-section-height-default elementor-section-height-default\" data-id=\"38ed309\" data-element_type=\"section\">\n\t\t\t\t\t\t<div class=\"elementor-container elementor-column-gap-default\">\n\t\t\t\t\t<div class=\"elementor-column elementor-col-50 elementor-inner-column elementor-element elementor-element-b663bcc\" data-id=\"b663bcc\" data-element_type=\"column\">\n\t\t\t<div class=\"elementor-widget-wrap\">\n\t\t\t\t\t\t\t<\/div>\n\t\t<\/div>\n\t\t\t\t<div class=\"elementor-column elementor-col-50 elementor-inner-column elementor-element elementor-element-d532e31\" data-id=\"d532e31\" data-element_type=\"column\">\n\t\t\t<div class=\"elementor-widget-wrap\">\n\t\t\t\t\t\t\t<\/div>\n\t\t<\/div>\n\t\t\t\t\t<\/div>\n\t\t<\/section>\n\t\t\t\t\t<\/div>\n\t\t<\/div>\n\t\t\t\t\t<\/div>\n\t\t<\/section>\n\t\t\t\t<section class=\"elementor-section elementor-top-section elementor-element elementor-element-bb1a26b elementor-section-boxed elementor-section-height-default elementor-section-height-default\" data-id=\"bb1a26b\" data-element_type=\"section\">\n\t\t\t\t\t\t<div class=\"elementor-container elementor-column-gap-default\">\n\t\t\t\t\t<div class=\"elementor-column elementor-col-33 elementor-top-column elementor-element elementor-element-cb367d4\" data-id=\"cb367d4\" data-element_type=\"column\">\n\t\t\t<div class=\"elementor-widget-wrap\">\n\t\t\t\t\t\t\t<\/div>\n\t\t<\/div>\n\t\t\t\t<div class=\"elementor-column elementor-col-33 elementor-top-column elementor-element elementor-element-f363c9d\" data-id=\"f363c9d\" data-element_type=\"column\">\n\t\t\t<div class=\"elementor-widget-wrap\">\n\t\t\t\t\t\t\t<\/div>\n\t\t<\/div>\n\t\t\t\t<div class=\"elementor-column elementor-col-33 elementor-top-column elementor-element elementor-element-8068d19\" data-id=\"8068d19\" data-element_type=\"column\">\n\t\t\t<div class=\"elementor-widget-wrap elementor-element-populated\">\n\t\t\t\t\t\t<div class=\"elementor-element elementor-element-a622aff elementor-widget elementor-widget-image\" data-id=\"a622aff\" data-element_type=\"widget\" data-widget_type=\"image.default\">\n\t\t\t\t<div class=\"elementor-widget-container\">\n\t\t\t\t\t\t\t\t\t\t\t\t\t\t\t<img fetchpriority=\"high\" decoding=\"async\" width=\"291\" height=\"300\" src=\"https:\/\/nurturingdurhamnc.org\/wp-content\/uploads\/2023\/03\/Bull_Topic.png\" class=\"attachment-large size-large wp-image-990\" alt=\"\" srcset=\"https:\/\/nurturingdurhamnc.org\/wp-content\/uploads\/2023\/03\/Bull_Topic.png 291w, https:\/\/nurturingdurhamnc.org\/wp-content\/uploads\/2023\/03\/Bull_Topic-12x12.png 12w\" sizes=\"(max-width: 291px) 100vw, 291px\" \/>\t\t\t\t\t\t\t\t\t\t\t\t\t\t\t<\/div>\n\t\t\t\t<\/div>\n\t\t\t\t\t<\/div>\n\t\t<\/div>\n\t\t\t\t\t<\/div>\n\t\t<\/section>\n\t\t\t\t<\/div>","protected":false},"excerpt":{"rendered":"<p>Encuentre apoyo Haga clic en una de las categor\u00edas a continuaci\u00f3n para ver una lista de programas y recursos que pueden ayudar a su familia con:<\/p>","protected":false},"author":1,"featured_media":453,"parent":0,"menu_order":0,"comment_status":"closed","ping_status":"closed","template":"","meta":{"_acf_changed":false,"site-sidebar-layout":"no-sidebar","site-content-layout":"page-builder","ast-site-content-layout":"full-width-container","site-content-style":"unboxed","site-sidebar-style":"unboxed","ast-global-header-display":"","ast-banner-title-visibility":"","ast-main-header-display":"","ast-hfb-above-header-display":"","ast-hfb-below-header-display":"","ast-hfb-mobile-header-display":"","site-post-title":"disabled","ast-breadcrumbs-content":"","ast-featured-img":"disabled","footer-sml-layout":"","theme-transparent-header-meta":"","adv-header-id-meta":"","stick-header-meta":"","header-above-stick-meta":"","header-main-stick-meta":"","header-below-stick-meta":"","astra-migrate-meta-layouts":"set","ast-page-background-enabled":"default","ast-page-background-meta":{"desktop":{"background-color":"var(--ast-global-color-4)","background-image":"","background-repeat":"repeat","background-position":"center center","background-size":"auto","background-attachment":"scroll","background-type":"","background-media":"","overlay-type":"","overlay-color":"","overlay-opacity":"","overlay-gradient":""},"tablet":{"background-color":"","background-image":"","background-repeat":"repeat","background-position":"center center","background-size":"auto","background-attachment":"scroll","background-type":"","background-media":"","overlay-type":"","overlay-color":"","overlay-opacity":"","overlay-gradient":""},"mobile":{"background-color":"","background-image":"","background-repeat":"repeat","background-position":"center center","background-size":"auto","background-attachment":"scroll","background-type":"","background-media":"","overlay-type":"","overlay-color":"","overlay-opacity":"","overlay-gradient":""}},"ast-content-background-meta":{"desktop":{"background-color":"var(--ast-global-color-5)","background-image":"","background-repeat":"repeat","background-position":"center center","background-size":"auto","background-attachment":"scroll","background-type":"","background-media":"","overlay-type":"","overlay-color":"","overlay-opacity":"","overlay-gradient":""},"tablet":{"background-color":"var(--ast-global-color-5)","background-image":"","background-repeat":"repeat","background-position":"center center","background-size":"auto","background-attachment":"scroll","background-type":"","background-media":"","overlay-type":"","overlay-color":"","overlay-opacity":"","overlay-gradient":""},"mobile":{"background-color":"var(--ast-global-color-5)","background-image":"","background-repeat":"repeat","background-position":"center center","background-size":"auto","background-attachment":"scroll","background-type":"","background-media":"","overlay-type":"","overlay-color":"","overlay-opacity":"","overlay-gradient":""}},"footnotes":""},"type_of_content":[],"class_list":["post-49","page","type-page","status-publish","has-post-thumbnail","hentry"],"acf":[],"yoast_head":"<!-- This site is optimized with the Yoast SEO plugin v26.4 - https:\/\/yoast.com\/wordpress\/plugins\/seo\/ -->\n<title>Find Support - Nurturing Durham<\/title>\n<meta name=\"description\" content=\"Click one of the categories below to see a list of programs in the Durham area that can support your family with:\" \/>\n<meta name=\"robots\" content=\"index, follow, max-snippet:-1, max-image-preview:large, max-video-preview:-1\" \/>\n<link rel=\"canonical\" href=\"https:\/\/nurturingdurhamnc.org\/es\/find-support\/\" \/>\n<meta property=\"og:locale\" content=\"es_MX\" \/>\n<meta property=\"og:type\" content=\"article\" \/>\n<meta property=\"og:title\" content=\"Find Support - Nurturing Durham\" \/>\n<meta property=\"og:description\" content=\"Click one of the categories below to see a list of programs in the Durham area that can support your family with:\" \/>\n<meta property=\"og:url\" content=\"https:\/\/nurturingdurhamnc.org\/es\/find-support\/\" \/>\n<meta property=\"og:site_name\" content=\"Nurturing Durham\" \/>\n<meta property=\"article:modified_time\" content=\"2024-06-24T21:07:52+00:00\" \/>\n<meta property=\"og:image\" content=\"https:\/\/nurturingdurhamnc.org\/wp-content\/uploads\/2023\/03\/Parent-Resources-Header.jpg\" \/>\n\t<meta property=\"og:image:width\" content=\"1900\" \/>\n\t<meta property=\"og:image:height\" content=\"450\" \/>\n\t<meta property=\"og:image:type\" content=\"image\/jpeg\" \/>\n<meta name=\"twitter:card\" content=\"summary_large_image\" \/>\n<meta name=\"twitter:label1\" content=\"Tiempo de lectura\" \/>\n\t<meta name=\"twitter:data1\" content=\"1 minuto\" \/>\n<script type=\"application\/ld+json\" class=\"yoast-schema-graph\">{\"@context\":\"https:\/\/schema.org\",\"@graph\":[{\"@type\":\"WebPage\",\"@id\":\"https:\/\/nurturingdurhamnc.org\/find-support\/\",\"url\":\"https:\/\/nurturingdurhamnc.org\/find-support\/\",\"name\":\"Find Support - Nurturing Durham\",\"isPartOf\":{\"@id\":\"https:\/\/nurturingdurhamnc.org\/#website\"},\"primaryImageOfPage\":{\"@id\":\"https:\/\/nurturingdurhamnc.org\/find-support\/#primaryimage\"},\"image\":{\"@id\":\"https:\/\/nurturingdurhamnc.org\/find-support\/#primaryimage\"},\"thumbnailUrl\":\"https:\/\/nurturingdurhamnc.org\/wp-content\/uploads\/2023\/03\/Parent-Resources-Header.jpg\",\"datePublished\":\"2023-02-08T21:49:21+00:00\",\"dateModified\":\"2024-06-24T21:07:52+00:00\",\"description\":\"Click one of the categories below to see a list of programs in the Durham area that can support your family with:\",\"breadcrumb\":{\"@id\":\"https:\/\/nurturingdurhamnc.org\/find-support\/#breadcrumb\"},\"inLanguage\":\"es\",\"potentialAction\":[{\"@type\":\"ReadAction\",\"target\":[\"https:\/\/nurturingdurhamnc.org\/find-support\/\"]}]},{\"@type\":\"ImageObject\",\"inLanguage\":\"es\",\"@id\":\"https:\/\/nurturingdurhamnc.org\/find-support\/#primaryimage\",\"url\":\"https:\/\/nurturingdurhamnc.org\/wp-content\/uploads\/2023\/03\/Parent-Resources-Header.jpg\",\"contentUrl\":\"https:\/\/nurturingdurhamnc.org\/wp-content\/uploads\/2023\/03\/Parent-Resources-Header.jpg\",\"width\":1900,\"height\":450},{\"@type\":\"BreadcrumbList\",\"@id\":\"https:\/\/nurturingdurhamnc.org\/find-support\/#breadcrumb\",\"itemListElement\":[{\"@type\":\"ListItem\",\"position\":1,\"name\":\"Home\",\"item\":\"https:\/\/nurturingdurhamnc.org\/\"},{\"@type\":\"ListItem\",\"position\":2,\"name\":\"Find Support\"}]},{\"@type\":\"WebSite\",\"@id\":\"https:\/\/nurturingdurhamnc.org\/#website\",\"url\":\"https:\/\/nurturingdurhamnc.org\/\",\"name\":\"Nurturing Durham\",\"description\":\"A Resource Guide for Durham&#039;s Young Children, Parents &amp; Families\",\"publisher\":{\"@id\":\"https:\/\/nurturingdurhamnc.org\/#organization\"},\"potentialAction\":[{\"@type\":\"SearchAction\",\"target\":{\"@type\":\"EntryPoint\",\"urlTemplate\":\"https:\/\/nurturingdurhamnc.org\/?s={search_term_string}\"},\"query-input\":{\"@type\":\"PropertyValueSpecification\",\"valueRequired\":true,\"valueName\":\"search_term_string\"}}],\"inLanguage\":\"es\"},{\"@type\":\"Organization\",\"@id\":\"https:\/\/nurturingdurhamnc.org\/#organization\",\"name\":\"Nurturing Durham\",\"url\":\"https:\/\/nurturingdurhamnc.org\/\",\"logo\":{\"@type\":\"ImageObject\",\"inLanguage\":\"es\",\"@id\":\"https:\/\/nurturingdurhamnc.org\/#\/schema\/logo\/image\/\",\"url\":\"https:\/\/nurturingdurhamnc.org\/wp-content\/uploads\/2023\/02\/Nurturing-Durham-Logo.png\",\"contentUrl\":\"https:\/\/nurturingdurhamnc.org\/wp-content\/uploads\/2023\/02\/Nurturing-Durham-Logo.png\",\"width\":447,\"height\":128,\"caption\":\"Nurturing Durham\"},\"image\":{\"@id\":\"https:\/\/nurturingdurhamnc.org\/#\/schema\/logo\/image\/\"}}]}<\/script>\n<!-- \/ Yoast SEO plugin. -->","yoast_head_json":{"title":"Encuentre apoyo - Nutriendo Durham","description":"Haga clic en una de las categor\u00edas a continuaci\u00f3n para ver una lista de programas en el \u00e1rea de Durham que pueden ayudar a su familia con:","robots":{"index":"index","follow":"follow","max-snippet":"max-snippet:-1","max-image-preview":"max-image-preview:large","max-video-preview":"max-video-preview:-1"},"canonical":"https:\/\/nurturingdurhamnc.org\/es\/find-support\/","og_locale":"es_MX","og_type":"article","og_title":"Find Support - Nurturing Durham","og_description":"Click one of the categories below to see a list of programs in the Durham area that can support your family with:","og_url":"https:\/\/nurturingdurhamnc.org\/es\/find-support\/","og_site_name":"Nurturing Durham","article_modified_time":"2024-06-24T21:07:52+00:00","og_image":[{"width":1900,"height":450,"url":"https:\/\/nurturingdurhamnc.org\/wp-content\/uploads\/2023\/03\/Parent-Resources-Header.jpg","type":"image\/jpeg"}],"twitter_card":"summary_large_image","twitter_misc":{"Tiempo de lectura":"1 minuto"},"schema":{"@context":"https:\/\/schema.org","@graph":[{"@type":"WebPage","@id":"https:\/\/nurturingdurhamnc.org\/find-support\/","url":"https:\/\/nurturingdurhamnc.org\/find-support\/","name":"Encuentre apoyo - Nutriendo Durham","isPartOf":{"@id":"https:\/\/nurturingdurhamnc.org\/#website"},"primaryImageOfPage":{"@id":"https:\/\/nurturingdurhamnc.org\/find-support\/#primaryimage"},"image":{"@id":"https:\/\/nurturingdurhamnc.org\/find-support\/#primaryimage"},"thumbnailUrl":"https:\/\/nurturingdurhamnc.org\/wp-content\/uploads\/2023\/03\/Parent-Resources-Header.jpg","datePublished":"2023-02-08T21:49:21+00:00","dateModified":"2024-06-24T21:07:52+00:00","description":"Haga clic en una de las categor\u00edas a continuaci\u00f3n para ver una lista de programas en el \u00e1rea de Durham que pueden ayudar a su familia con:","breadcrumb":{"@id":"https:\/\/nurturingdurhamnc.org\/find-support\/#breadcrumb"},"inLanguage":"es","potentialAction":[{"@type":"ReadAction","target":["https:\/\/nurturingdurhamnc.org\/find-support\/"]}]},{"@type":"ImageObject","inLanguage":"es","@id":"https:\/\/nurturingdurhamnc.org\/find-support\/#primaryimage","url":"https:\/\/nurturingdurhamnc.org\/wp-content\/uploads\/2023\/03\/Parent-Resources-Header.jpg","contentUrl":"https:\/\/nurturingdurhamnc.org\/wp-content\/uploads\/2023\/03\/Parent-Resources-Header.jpg","width":1900,"height":450},{"@type":"BreadcrumbList","@id":"https:\/\/nurturingdurhamnc.org\/find-support\/#breadcrumb","itemListElement":[{"@type":"ListItem","position":1,"name":"Home","item":"https:\/\/nurturingdurhamnc.org\/"},{"@type":"ListItem","position":2,"name":"Find Support"}]},{"@type":"WebSite","@id":"https:\/\/nurturingdurhamnc.org\/#website","url":"https:\/\/nurturingdurhamnc.org\/","name":"Nutriendo a Durham","description":"Una gu\u00eda de recursos para ni\u00f1os peque\u00f1os, padres y familias de Durham","publisher":{"@id":"https:\/\/nurturingdurhamnc.org\/#organization"},"potentialAction":[{"@type":"SearchAction","target":{"@type":"EntryPoint","urlTemplate":"https:\/\/nurturingdurhamnc.org\/?s={search_term_string}"},"query-input":{"@type":"PropertyValueSpecification","valueRequired":true,"valueName":"search_term_string"}}],"inLanguage":"es"},{"@type":"Organization","@id":"https:\/\/nurturingdurhamnc.org\/#organization","name":"Nutriendo a Durham","url":"https:\/\/nurturingdurhamnc.org\/","logo":{"@type":"ImageObject","inLanguage":"es","@id":"https:\/\/nurturingdurhamnc.org\/#\/schema\/logo\/image\/","url":"https:\/\/nurturingdurhamnc.org\/wp-content\/uploads\/2023\/02\/Nurturing-Durham-Logo.png","contentUrl":"https:\/\/nurturingdurhamnc.org\/wp-content\/uploads\/2023\/02\/Nurturing-Durham-Logo.png","width":447,"height":128,"caption":"Nurturing Durham"},"image":{"@id":"https:\/\/nurturingdurhamnc.org\/#\/schema\/logo\/image\/"}}]}},"jetpack_sharing_enabled":true,"_links":{"self":[{"href":"https:\/\/nurturingdurhamnc.org\/es\/wp-json\/wp\/v2\/pages\/49","targetHints":{"allow":["GET"]}}],"collection":[{"href":"https:\/\/nurturingdurhamnc.org\/es\/wp-json\/wp\/v2\/pages"}],"about":[{"href":"https:\/\/nurturingdurhamnc.org\/es\/wp-json\/wp\/v2\/types\/page"}],"author":[{"embeddable":true,"href":"https:\/\/nurturingdurhamnc.org\/es\/wp-json\/wp\/v2\/users\/1"}],"replies":[{"embeddable":true,"href":"https:\/\/nurturingdurhamnc.org\/es\/wp-json\/wp\/v2\/comments?post=49"}],"version-history":[{"count":10,"href":"https:\/\/nurturingdurhamnc.org\/es\/wp-json\/wp\/v2\/pages\/49\/revisions"}],"predecessor-version":[{"id":3128,"href":"https:\/\/nurturingdurhamnc.org\/es\/wp-json\/wp\/v2\/pages\/49\/revisions\/3128"}],"wp:featuredmedia":[{"embeddable":true,"href":"https:\/\/nurturingdurhamnc.org\/es\/wp-json\/wp\/v2\/media\/453"}],"wp:attachment":[{"href":"https:\/\/nurturingdurhamnc.org\/es\/wp-json\/wp\/v2\/media?parent=49"}],"wp:term":[{"taxonomy":"type_of_content","embeddable":true,"href":"https:\/\/nurturingdurhamnc.org\/es\/wp-json\/wp\/v2\/type_of_content?post=49"}],"curies":[{"name":"wp","href":"https:\/\/api.w.org\/{rel}","templated":true}]}}